{"id":35,"date":"2025-10-14T11:24:39","date_gmt":"2025-10-14T11:24:39","guid":{"rendered":"https:\/\/educarcreciendoensalud.com\/?page_id=35"},"modified":"2025-10-14T11:26:07","modified_gmt":"2025-10-14T11:26:07","slug":"politica-de-cookies","status":"publish","type":"page","link":"https:\/\/educarcreciendoensalud.com\/?page_id=35","title":{"rendered":"Pol\u00edtica de cookies"},"content":{"rendered":"\n<p>Fecha de entrada en vigor: October 14, 2025<\/p>\n\n\n\n<p>\u00daltima actualizaci\u00f3n: October 14, 2025<\/p>\n\n\n\n<h2 class=\"wp-block-heading\">\u00bfQu\u00e9 son las cookies?<\/h2>\n\n\n\n<p>Esta pol\u00edtica de cookies explica qu\u00e9 son las cookies, c\u00f3mo las usamos, los tipos de cookies que usamos (p. ej., la informaci\u00f3n que recopilamos al usar las cookies y c\u00f3mo se usa dicha informaci\u00f3n) y c\u00f3mo gestionar su configuraci\u00f3n de cookies.<\/p>\n\n\n\n<p>Las cookies son archivos de texto peque\u00f1os que se usan para almacenar ciertos elementos de informaci\u00f3n. Se almacenan en su dispositivo cuando se carga un sitio web en su navegador. Estas cookies ayudan a garantizar que el sitio web funcione de manera adecuada, refuerzan la seguridad, ofrecen una experiencia de usuario mejor y analizan el rendimiento para identificar lo que funciona correctamente y lo que necesita mejoras.<\/p>\n\n\n\n<h2 class=\"wp-block-heading\">\u00bfC\u00f3mo usamos las cookies?<\/h2>\n\n\n\n<p>Como la mayor\u00eda de los servicios en l\u00ednea, nuestro sitio web usa cookies de origen y cookies de terceros para varios prop\u00f3sitos. Las cookies de origen son b\u00e1sicamente necesarias para que el sitio web funcione de manera adecuada; no recopilan ning\u00fan dato personal identificable.<\/p>\n\n\n\n<p>Las cookies de terceros que se usan en nuestro sitio web nos ayudan principalmente a comprender c\u00f3mo responde este; hacen un seguimiento sobre c\u00f3mo interact\u00faa usted con \u00e9l; protegen nuestros servicios; ofrecen publicidad de inter\u00e9s; y mejoran su experiencia de usuario en general, a la vez que optimizan la velocidad de sus interacciones posteriores en nuestro sitio web.<\/p>\n\n\n\n<h2 class=\"wp-block-heading\">Tipos de cookies que usamos<\/h2>\n\n\n\n<p>Necessary<\/p>\n\n\n\n<p>Necessary cookies are required to enable the basic features of this site, such as providing secure log-in or adjusting your consent preferences. These cookies do not store any personally identifiable data.<\/p>\n\n\n\n<figure class=\"wp-block-table\"><table class=\"has-fixed-layout\"><thead><tr><th>Cookie<\/th><th>Duration<\/th><th>Description<\/th><\/tr><\/thead><tbody><tr><td>cookieyes-consent<\/td><td>1 year<\/td><td>CookieYes sets this cookie to remember users&#8217; consent preferences so that their preferences are respected on subsequent visits to this site. It does not collect or store any personal information about the site visitors.<\/td><\/tr><tr><td>wordpress_test_cookie<\/td><td>session<\/td><td>WordPress sets this cookie to determine whether cookies are enabled on the users&#8217; browsers.<\/td><\/tr><tr><td>PHPSESSID<\/td><td>session<\/td><td>This cookie is native to PHP applications. The cookie stores and identifies a user&#8217;s unique session ID to manage user sessions on the website. The cookie is a session cookie and will be deleted when all the browser windows are closed.<\/td><\/tr><tr><td>wordpress_*<\/td><td>past<\/td><td>WordPress sets this cookie when a user logs in to the WordPress administration. It stores the user&#8217;s authentication details, allowing them to access the backend.&nbsp;<\/td><\/tr><tr><td>wordpress_sec_*<\/td><td>past<\/td><td>WordPress sets this cookie to provide protection against hackers and store account details.<\/td><\/tr><tr><td>wordpress_logged_in_*<\/td><td>past<\/td><td>WordPress sets this to indicate that you are logged in and who you are, for most interface use.<\/td><\/tr><tr><td>wp-settings-*<\/td><td>past<\/td><td>WordPress sets this cookie to preserve the user\u2019s wp-admin settings.<\/td><\/tr><tr><td>wp-settings-time-*<\/td><td>past<\/td><td>WordPress sets this cookie to preserve the user\u2019s wp-admin settings.<\/td><\/tr><tr><td>wordpressuser_*<\/td><td>past<\/td><td>WordPress sets this cookie to authenticate users and maintain their login session. It ensures that logged-in users can navigate the website securely and access authorised areas such as their account dashboard or the admin panel.<\/td><\/tr><tr><td>wordpresspass_*<\/td><td>past<\/td><td>WordPress sets this cookie to authenticate logged-in users securely. It stores an encrypted version of the password to verify user credentials while ensuring that the actual password is never exposed.<\/td><\/tr><\/tbody><\/table><\/figure>\n\n\n\n<p>Uncategorised<\/p>\n\n\n\n<p>Other uncategorised cookies are those that are being analysed and have not been classified into a category as yet.<\/p>\n\n\n\n<figure class=\"wp-block-table\"><table class=\"has-fixed-layout\"><thead><tr><th>Cookie<\/th><th>Duration<\/th><th>Description<\/th><\/tr><\/thead><tbody><tr><td>wp-postpass_c791cd978c6039ade3d1218167a42bf3<\/td><td>past<\/td><td>Description is currently not available.<\/td><\/tr><\/tbody><\/table><\/figure>\n\n\n\n<h2 class=\"wp-block-heading\">Gestionar preferencias de cookies<\/h2>\n\n\n\n<p><a>Preferencias de consentimiento<\/a><\/p>\n\n\n\n<p>Podr\u00e1 modificar su configuraci\u00f3n de cookies en cualquier momento al hacer clic en el bot\u00f3n Preferencias de consentimiento, situado en la parte superior. Esta opci\u00f3n le permitir\u00e1 volver a visitar el banner de consentimiento de cookies y actualizar sus preferencias, o bien retirar su consentimiento de inmediato.<\/p>\n\n\n\n<p>Asimismo, los diferentes navegadores ofrecen varios m\u00e9todos para bloquear y eliminar cookies que usan los sitios web. Puede modificar los ajustes de su navegador para bloquear o eliminar cookies. A continuaci\u00f3n, ver\u00e1 enlaces de documentos de ayuda para saber c\u00f3mo gestionar y eliminar cookies en los principales navegadores web.<\/p>\n\n\n\n<p>Chrome:&nbsp;<a target=\"_blank\" rel=\"noreferrer noopener\" href=\"https:\/\/support.google.com\/accounts\/answer\/32050\">https:\/\/support.google.com\/accounts\/answer\/32050<\/a><\/p>\n\n\n\n<p>Safari:&nbsp;<a target=\"_blank\" rel=\"noreferrer noopener\" href=\"https:\/\/support.apple.com\/en-in\/guide\/safari\/sfri11471\/mac\">https:\/\/support.apple.com\/en-in\/guide\/safari\/sfri11471\/mac<\/a><\/p>\n\n\n\n<p>Firefox:&nbsp;<a target=\"_blank\" rel=\"noreferrer noopener\" href=\"https:\/\/support.mozilla.org\/en-US\/kb\/clear-cookies-and-site-data-firefox?redirectslug=delete-cookies-remove-info-websites-stored&amp;redirectlocale=en-US\">https:\/\/support.mozilla.org\/en-US\/kb\/clear-cookies-and-site-data-firefox?redirectslug=delete-cookies-remove-info-websites-stored&amp;redirectlocale=en-US<\/a><\/p>\n\n\n\n<p>Internet Explorer:&nbsp;<a target=\"_blank\" rel=\"noreferrer noopener\" href=\"https:\/\/support.microsoft.com\/en-us\/topic\/how-to-delete-cookie-files-in-internet-explorer-bca9446f-d873-78de-77ba-d42645fa52fc\">https:\/\/support.microsoft.com\/en-us\/topic\/how-to-delete-cookie-files-in-internet-explorer-bca9446f-d873-78de-77ba-d42645fa52fc<\/a><\/p>\n\n\n\n<p>Si usa otro navegador web, consulte la documentaci\u00f3n de ayuda oficial de este.<\/p>\n\n\n\n<p><\/p>\n\n\n\n<p><\/p>\n\n\n\n<p><\/p>\n","protected":false},"excerpt":{"rendered":"<p>Fecha de entrada en vigor: October 14, 2025 \u00daltima actualizaci\u00f3n: October 14, 2025 \u00bfQu\u00e9 son las cookies? Esta pol\u00edtica de cookies explica qu\u00e9 son las cookies, c\u00f3mo las usamos, los tipos de cookies que usamos (p. ej., la informaci\u00f3n que recopilamos al usar las cookies y c\u00f3mo se usa dicha informaci\u00f3n) y c\u00f3mo gestionar su [&hellip;]<\/p>\n","protected":false},"author":1,"featured_media":0,"parent":0,"menu_order":0,"comment_status":"closed","ping_status":"closed","template":"","meta":{"footnotes":""},"class_list":["post-35","page","type-page","status-publish","hentry"],"yoast_head":"<!-- This site is optimized with the Yoast SEO plugin v27.3 - https:\/\/yoast.com\/product\/yoast-seo-wordpress\/ -->\n<title>Pol\u00edtica de cookies - Educar creciendo en salud<\/title>\n<meta name=\"robots\" content=\"noindex, follow, max-snippet:-1, max-image-preview:large, max-video-preview:-1\" \/>\n<meta property=\"og:locale\" content=\"es_ES\" \/>\n<meta property=\"og:type\" content=\"article\" \/>\n<meta property=\"og:title\" content=\"Pol\u00edtica de cookies - Educar creciendo en salud\" \/>\n<meta property=\"og:description\" content=\"Fecha de entrada en vigor: October 14, 2025 \u00daltima actualizaci\u00f3n: October 14, 2025 \u00bfQu\u00e9 son las cookies? Esta pol\u00edtica de cookies explica qu\u00e9 son las cookies, c\u00f3mo las usamos, los tipos de cookies que usamos (p. ej., la informaci\u00f3n que recopilamos al usar las cookies y c\u00f3mo se usa dicha informaci\u00f3n) y c\u00f3mo gestionar su [&hellip;]\" \/>\n<meta property=\"og:url\" content=\"https:\/\/educarcreciendoensalud.com\/?page_id=35\" \/>\n<meta property=\"og:site_name\" content=\"Educar creciendo en salud\" \/>\n<meta property=\"article:modified_time\" content=\"2025-10-14T11:26:07+00:00\" \/>\n<meta name=\"twitter:card\" content=\"summary_large_image\" \/>\n<meta name=\"twitter:label1\" content=\"Tiempo de lectura\" \/>\n\t<meta name=\"twitter:data1\" content=\"4 minutos\" \/>\n<script type=\"application\/ld+json\" class=\"yoast-schema-graph\">{\"@context\":\"https:\\\/\\\/schema.org\",\"@graph\":[{\"@type\":\"WebPage\",\"@id\":\"https:\\\/\\\/educarcreciendoensalud.com\\\/?page_id=35\",\"url\":\"https:\\\/\\\/educarcreciendoensalud.com\\\/?page_id=35\",\"name\":\"Pol\u00edtica de cookies - Educar creciendo en salud\",\"isPartOf\":{\"@id\":\"https:\\\/\\\/educarcreciendoensalud.com\\\/#website\"},\"datePublished\":\"2025-10-14T11:24:39+00:00\",\"dateModified\":\"2025-10-14T11:26:07+00:00\",\"breadcrumb\":{\"@id\":\"https:\\\/\\\/educarcreciendoensalud.com\\\/?page_id=35#breadcrumb\"},\"inLanguage\":\"es\",\"potentialAction\":[{\"@type\":\"ReadAction\",\"target\":[\"https:\\\/\\\/educarcreciendoensalud.com\\\/?page_id=35\"]}]},{\"@type\":\"BreadcrumbList\",\"@id\":\"https:\\\/\\\/educarcreciendoensalud.com\\\/?page_id=35#breadcrumb\",\"itemListElement\":[{\"@type\":\"ListItem\",\"position\":1,\"name\":\"Portada\",\"item\":\"https:\\\/\\\/educarcreciendoensalud.com\\\/\"},{\"@type\":\"ListItem\",\"position\":2,\"name\":\"Pol\u00edtica de cookies\"}]},{\"@type\":\"WebSite\",\"@id\":\"https:\\\/\\\/educarcreciendoensalud.com\\\/#website\",\"url\":\"https:\\\/\\\/educarcreciendoensalud.com\\\/\",\"name\":\"Educar creciendo en salud\",\"description\":\"\",\"potentialAction\":[{\"@type\":\"SearchAction\",\"target\":{\"@type\":\"EntryPoint\",\"urlTemplate\":\"https:\\\/\\\/educarcreciendoensalud.com\\\/?s={search_term_string}\"},\"query-input\":{\"@type\":\"PropertyValueSpecification\",\"valueRequired\":true,\"valueName\":\"search_term_string\"}}],\"inLanguage\":\"es\"}]}<\/script>\n<!-- \/ Yoast SEO plugin. -->","yoast_head_json":{"title":"Pol\u00edtica de cookies - Educar creciendo en salud","robots":{"index":"noindex","follow":"follow","max-snippet":"max-snippet:-1","max-image-preview":"max-image-preview:large","max-video-preview":"max-video-preview:-1"},"og_locale":"es_ES","og_type":"article","og_title":"Pol\u00edtica de cookies - Educar creciendo en salud","og_description":"Fecha de entrada en vigor: October 14, 2025 \u00daltima actualizaci\u00f3n: October 14, 2025 \u00bfQu\u00e9 son las cookies? Esta pol\u00edtica de cookies explica qu\u00e9 son las cookies, c\u00f3mo las usamos, los tipos de cookies que usamos (p. ej., la informaci\u00f3n que recopilamos al usar las cookies y c\u00f3mo se usa dicha informaci\u00f3n) y c\u00f3mo gestionar su [&hellip;]","og_url":"https:\/\/educarcreciendoensalud.com\/?page_id=35","og_site_name":"Educar creciendo en salud","article_modified_time":"2025-10-14T11:26:07+00:00","twitter_card":"summary_large_image","twitter_misc":{"Tiempo de lectura":"4 minutos"},"schema":{"@context":"https:\/\/schema.org","@graph":[{"@type":"WebPage","@id":"https:\/\/educarcreciendoensalud.com\/?page_id=35","url":"https:\/\/educarcreciendoensalud.com\/?page_id=35","name":"Pol\u00edtica de cookies - Educar creciendo en salud","isPartOf":{"@id":"https:\/\/educarcreciendoensalud.com\/#website"},"datePublished":"2025-10-14T11:24:39+00:00","dateModified":"2025-10-14T11:26:07+00:00","breadcrumb":{"@id":"https:\/\/educarcreciendoensalud.com\/?page_id=35#breadcrumb"},"inLanguage":"es","potentialAction":[{"@type":"ReadAction","target":["https:\/\/educarcreciendoensalud.com\/?page_id=35"]}]},{"@type":"BreadcrumbList","@id":"https:\/\/educarcreciendoensalud.com\/?page_id=35#breadcrumb","itemListElement":[{"@type":"ListItem","position":1,"name":"Portada","item":"https:\/\/educarcreciendoensalud.com\/"},{"@type":"ListItem","position":2,"name":"Pol\u00edtica de cookies"}]},{"@type":"WebSite","@id":"https:\/\/educarcreciendoensalud.com\/#website","url":"https:\/\/educarcreciendoensalud.com\/","name":"Educar creciendo en salud","description":"","potentialAction":[{"@type":"SearchAction","target":{"@type":"EntryPoint","urlTemplate":"https:\/\/educarcreciendoensalud.com\/?s={search_term_string}"},"query-input":{"@type":"PropertyValueSpecification","valueRequired":true,"valueName":"search_term_string"}}],"inLanguage":"es"}]}},"_links":{"self":[{"href":"https:\/\/educarcreciendoensalud.com\/index.php?rest_route=\/wp\/v2\/pages\/35","targetHints":{"allow":["GET"]}}],"collection":[{"href":"https:\/\/educarcreciendoensalud.com\/index.php?rest_route=\/wp\/v2\/pages"}],"about":[{"href":"https:\/\/educarcreciendoensalud.com\/index.php?rest_route=\/wp\/v2\/types\/page"}],"author":[{"embeddable":true,"href":"https:\/\/educarcreciendoensalud.com\/index.php?rest_route=\/wp\/v2\/users\/1"}],"replies":[{"embeddable":true,"href":"https:\/\/educarcreciendoensalud.com\/index.php?rest_route=%2Fwp%2Fv2%2Fcomments&post=35"}],"version-history":[{"count":2,"href":"https:\/\/educarcreciendoensalud.com\/index.php?rest_route=\/wp\/v2\/pages\/35\/revisions"}],"predecessor-version":[{"id":37,"href":"https:\/\/educarcreciendoensalud.com\/index.php?rest_route=\/wp\/v2\/pages\/35\/revisions\/37"}],"wp:attachment":[{"href":"https:\/\/educarcreciendoensalud.com\/index.php?rest_route=%2Fwp%2Fv2%2Fmedia&parent=35"}],"curies":[{"name":"wp","href":"https:\/\/api.w.org\/{rel}","templated":true}]}}