{"id":66,"date":"2025-12-09T09:32:51","date_gmt":"2025-12-09T09:32:51","guid":{"rendered":"https:\/\/educarcreciendoensalud.com\/?page_id=66"},"modified":"2025-12-09T10:26:58","modified_gmt":"2025-12-09T10:26:58","slug":"quienes-somos","status":"publish","type":"page","link":"https:\/\/educarcreciendoensalud.com\/?page_id=66","title":{"rendered":"Qui\u00e9nes somos"},"content":{"rendered":"\n<h2 class=\"wp-block-heading\">Comit\u00e9 cient\u00edfico&nbsp;<\/h2>\n\n\n\n<p><strong>Directora: <\/strong>Ver\u00f3nica Violant Holz\u00a0<\/p>\n\n\n\n<p><strong>Integrantes:\u00a0<\/strong><\/p>\n\n\n\n<p>Marlene Zwierewicz \u2013 Brasil UNIARP <a href=\"https:\/\/orcid.org\/0000-0002-5840-1136\" target=\"_blank\" rel=\"noreferrer noopener\">https:\/\/orcid.org\/0000-0002-5840-1136<\/a> ACEPTADA&nbsp;<\/p>\n\n\n\n<p>Myriam Esther Ortiz Padilla \u2013 Colombia Universidad Simon Bolivar, Barranquilla Colombia <a href=\"https:\/\/orcid.org\/0000-0001-8964-9428\" target=\"_blank\" rel=\"noreferrer noopener\">https:\/\/orcid.org\/0000-0001-8964-9428<\/a> ACEPTADA&nbsp;<\/p>\n\n\n\n<p>Anna For\u00e9s &#8211; UB&nbsp;<\/p>\n\n\n\n<p>N\u00faria Serrat Antol\u00ed \u2013 UB&nbsp;<\/p>\n\n\n\n<p>Mariona Portell \u2013 UAB ACEPTADA&nbsp;<\/p>\n\n\n\n<p>Leticia Bazo \u2013 URV&nbsp;<\/p>\n\n\n\n<p>Carina Soledad Gonz\u00e1lez Gonz\u00e1lez \u2013 ULL&nbsp;<\/p>\n\n\n\n<p>\u00c1frica Borges del Rosal \u2013 ULL ACEPTADA&nbsp;<\/p>\n\n\n\n<p>Fernando Barrag\u00e1n Medero \u2013 ULL ACEPTADO&nbsp;<\/p>\n\n\n\n<p>Saturnino de la Torre de la Torre \u2013 UB ACEPTADA&nbsp;<\/p>\n\n\n\n<p>Javier Corball\u00e1n &#8211; U. Murcia&nbsp;<\/p>\n\n\n\n<p>Mari Angels Balsells&nbsp; UDL <a href=\"https:\/\/orcid.org\/0000-0003-3283-8222\" target=\"_blank\" rel=\"noreferrer noopener\">https:\/\/orcid.org\/0000-0003-3283-8222<\/a>&nbsp;<\/p>\n\n\n\n<p>Dolores Madrid Vivar \u2013 UMA https:\/\/orcid.org\/0000-0002-3859-302X&nbsp;<\/p>\n\n\n\n<p>Manuel Jos\u00e9 Rodr\u00edguez Allu\u00e9 &#8211; UB ACEPTADO&nbsp;<\/p>\n\n\n\n<p>David Bueno (preguntarle, que le pregunte Manuel)&nbsp;<\/p>\n\n\n\n<p><strong>Tony Onwuegbuzie<\/strong>&nbsp;<\/p>\n\n\n\n<p>ALGUNA ESPECIALISTA EN LITERATURA INFANTIL Y JUVENIL&nbsp;<\/p>\n\n\n\n<ul class=\"wp-block-list\">\n<li>Entidades implicadas&nbsp;<\/li>\n<\/ul>\n\n\n\n<ul class=\"wp-block-list\">\n<li>Observatorio Internacional en Pedagog\u00eda Hospitalaria&nbsp;<\/li>\n<\/ul>\n\n\n\n<ul class=\"wp-block-list\">\n<li>Fundaci\u00f3n Abedis Donamedian&nbsp;<\/li>\n<\/ul>\n\n\n\n<ul class=\"wp-block-list\">\n<li>Sociedad Espa\u00f1ola de Enfermer\u00eda Neonatal&nbsp;<\/li>\n<\/ul>\n\n\n\n<ul class=\"wp-block-list\">\n<li>NADOCAT&nbsp;<\/li>\n<\/ul>\n\n\n\n<ul class=\"wp-block-list\">\n<li>Ver\u00f3nica Violant Holz&nbsp;<\/li>\n<\/ul>\n\n\n\n<ul class=\"wp-block-list\">\n<li>Grupo de investigaci\u00f3n Pedagog\u00eda Hospitalaria (enlace a)&nbsp;<\/li>\n<\/ul>\n","protected":false},"excerpt":{"rendered":"<p>Comit\u00e9 cient\u00edfico&nbsp; Directora: Ver\u00f3nica Violant Holz\u00a0 Integrantes:\u00a0 Marlene Zwierewicz \u2013 Brasil UNIARP https:\/\/orcid.org\/0000-0002-5840-1136 ACEPTADA&nbsp; Myriam Esther Ortiz Padilla \u2013 Colombia Universidad Simon Bolivar, Barranquilla Colombia https:\/\/orcid.org\/0000-0001-8964-9428 ACEPTADA&nbsp; Anna For\u00e9s &#8211; UB&nbsp; N\u00faria Serrat Antol\u00ed \u2013 UB&nbsp; Mariona Portell \u2013 UAB ACEPTADA&nbsp; Leticia Bazo \u2013 URV&nbsp; Carina Soledad Gonz\u00e1lez Gonz\u00e1lez \u2013 ULL&nbsp; \u00c1frica Borges del Rosal [&hellip;]<\/p>\n","protected":false},"author":1,"featured_media":0,"parent":0,"menu_order":0,"comment_status":"closed","ping_status":"closed","template":"","meta":{"footnotes":""},"class_list":["post-66","page","type-page","status-publish","hentry"],"yoast_head":"<!-- This site is optimized with the Yoast SEO plugin v27.3 - https:\/\/yoast.com\/product\/yoast-seo-wordpress\/ -->\n<title>Qui\u00e9nes somos - Educar creciendo en salud<\/title>\n<meta name=\"robots\" content=\"noindex, follow, max-snippet:-1, max-image-preview:large, max-video-preview:-1\" \/>\n<meta property=\"og:locale\" content=\"es_ES\" \/>\n<meta property=\"og:type\" content=\"article\" \/>\n<meta property=\"og:title\" content=\"Qui\u00e9nes somos - Educar creciendo en salud\" \/>\n<meta property=\"og:description\" content=\"Comit\u00e9 cient\u00edfico&nbsp; Directora: Ver\u00f3nica Violant Holz\u00a0 Integrantes:\u00a0 Marlene Zwierewicz \u2013 Brasil UNIARP https:\/\/orcid.org\/0000-0002-5840-1136 ACEPTADA&nbsp; Myriam Esther Ortiz Padilla \u2013 Colombia Universidad Simon Bolivar, Barranquilla Colombia https:\/\/orcid.org\/0000-0001-8964-9428 ACEPTADA&nbsp; Anna For\u00e9s &#8211; UB&nbsp; N\u00faria Serrat Antol\u00ed \u2013 UB&nbsp; Mariona Portell \u2013 UAB ACEPTADA&nbsp; Leticia Bazo \u2013 URV&nbsp; Carina Soledad Gonz\u00e1lez Gonz\u00e1lez \u2013 ULL&nbsp; \u00c1frica Borges del Rosal [&hellip;]\" \/>\n<meta property=\"og:url\" content=\"https:\/\/educarcreciendoensalud.com\/?page_id=66\" \/>\n<meta property=\"og:site_name\" content=\"Educar creciendo en salud\" \/>\n<meta property=\"article:modified_time\" content=\"2025-12-09T10:26:58+00:00\" \/>\n<meta name=\"twitter:card\" content=\"summary_large_image\" \/>\n<meta name=\"twitter:label1\" content=\"Tiempo de lectura\" \/>\n\t<meta name=\"twitter:data1\" content=\"1 minuto\" \/>\n<script type=\"application\/ld+json\" class=\"yoast-schema-graph\">{\"@context\":\"https:\\\/\\\/schema.org\",\"@graph\":[{\"@type\":\"WebPage\",\"@id\":\"https:\\\/\\\/educarcreciendoensalud.com\\\/?page_id=66\",\"url\":\"https:\\\/\\\/educarcreciendoensalud.com\\\/?page_id=66\",\"name\":\"Qui\u00e9nes somos - Educar creciendo en salud\",\"isPartOf\":{\"@id\":\"https:\\\/\\\/educarcreciendoensalud.com\\\/#website\"},\"datePublished\":\"2025-12-09T09:32:51+00:00\",\"dateModified\":\"2025-12-09T10:26:58+00:00\",\"breadcrumb\":{\"@id\":\"https:\\\/\\\/educarcreciendoensalud.com\\\/?page_id=66#breadcrumb\"},\"inLanguage\":\"es\",\"potentialAction\":[{\"@type\":\"ReadAction\",\"target\":[\"https:\\\/\\\/educarcreciendoensalud.com\\\/?page_id=66\"]}]},{\"@type\":\"BreadcrumbList\",\"@id\":\"https:\\\/\\\/educarcreciendoensalud.com\\\/?page_id=66#breadcrumb\",\"itemListElement\":[{\"@type\":\"ListItem\",\"position\":1,\"name\":\"Portada\",\"item\":\"https:\\\/\\\/educarcreciendoensalud.com\\\/\"},{\"@type\":\"ListItem\",\"position\":2,\"name\":\"Qui\u00e9nes somos\"}]},{\"@type\":\"WebSite\",\"@id\":\"https:\\\/\\\/educarcreciendoensalud.com\\\/#website\",\"url\":\"https:\\\/\\\/educarcreciendoensalud.com\\\/\",\"name\":\"Educar creciendo en salud\",\"description\":\"\",\"potentialAction\":[{\"@type\":\"SearchAction\",\"target\":{\"@type\":\"EntryPoint\",\"urlTemplate\":\"https:\\\/\\\/educarcreciendoensalud.com\\\/?s={search_term_string}\"},\"query-input\":{\"@type\":\"PropertyValueSpecification\",\"valueRequired\":true,\"valueName\":\"search_term_string\"}}],\"inLanguage\":\"es\"}]}<\/script>\n<!-- \/ Yoast SEO plugin. -->","yoast_head_json":{"title":"Qui\u00e9nes somos - Educar creciendo en salud","robots":{"index":"noindex","follow":"follow","max-snippet":"max-snippet:-1","max-image-preview":"max-image-preview:large","max-video-preview":"max-video-preview:-1"},"og_locale":"es_ES","og_type":"article","og_title":"Qui\u00e9nes somos - Educar creciendo en salud","og_description":"Comit\u00e9 cient\u00edfico&nbsp; Directora: Ver\u00f3nica Violant Holz\u00a0 Integrantes:\u00a0 Marlene Zwierewicz \u2013 Brasil UNIARP https:\/\/orcid.org\/0000-0002-5840-1136 ACEPTADA&nbsp; Myriam Esther Ortiz Padilla \u2013 Colombia Universidad Simon Bolivar, Barranquilla Colombia https:\/\/orcid.org\/0000-0001-8964-9428 ACEPTADA&nbsp; Anna For\u00e9s &#8211; UB&nbsp; N\u00faria Serrat Antol\u00ed \u2013 UB&nbsp; Mariona Portell \u2013 UAB ACEPTADA&nbsp; Leticia Bazo \u2013 URV&nbsp; Carina Soledad Gonz\u00e1lez Gonz\u00e1lez \u2013 ULL&nbsp; \u00c1frica Borges del Rosal [&hellip;]","og_url":"https:\/\/educarcreciendoensalud.com\/?page_id=66","og_site_name":"Educar creciendo en salud","article_modified_time":"2025-12-09T10:26:58+00:00","twitter_card":"summary_large_image","twitter_misc":{"Tiempo de lectura":"1 minuto"},"schema":{"@context":"https:\/\/schema.org","@graph":[{"@type":"WebPage","@id":"https:\/\/educarcreciendoensalud.com\/?page_id=66","url":"https:\/\/educarcreciendoensalud.com\/?page_id=66","name":"Qui\u00e9nes somos - Educar creciendo en salud","isPartOf":{"@id":"https:\/\/educarcreciendoensalud.com\/#website"},"datePublished":"2025-12-09T09:32:51+00:00","dateModified":"2025-12-09T10:26:58+00:00","breadcrumb":{"@id":"https:\/\/educarcreciendoensalud.com\/?page_id=66#breadcrumb"},"inLanguage":"es","potentialAction":[{"@type":"ReadAction","target":["https:\/\/educarcreciendoensalud.com\/?page_id=66"]}]},{"@type":"BreadcrumbList","@id":"https:\/\/educarcreciendoensalud.com\/?page_id=66#breadcrumb","itemListElement":[{"@type":"ListItem","position":1,"name":"Portada","item":"https:\/\/educarcreciendoensalud.com\/"},{"@type":"ListItem","position":2,"name":"Qui\u00e9nes somos"}]},{"@type":"WebSite","@id":"https:\/\/educarcreciendoensalud.com\/#website","url":"https:\/\/educarcreciendoensalud.com\/","name":"Educar creciendo en salud","description":"","potentialAction":[{"@type":"SearchAction","target":{"@type":"EntryPoint","urlTemplate":"https:\/\/educarcreciendoensalud.com\/?s={search_term_string}"},"query-input":{"@type":"PropertyValueSpecification","valueRequired":true,"valueName":"search_term_string"}}],"inLanguage":"es"}]}},"_links":{"self":[{"href":"https:\/\/educarcreciendoensalud.com\/index.php?rest_route=\/wp\/v2\/pages\/66","targetHints":{"allow":["GET"]}}],"collection":[{"href":"https:\/\/educarcreciendoensalud.com\/index.php?rest_route=\/wp\/v2\/pages"}],"about":[{"href":"https:\/\/educarcreciendoensalud.com\/index.php?rest_route=\/wp\/v2\/types\/page"}],"author":[{"embeddable":true,"href":"https:\/\/educarcreciendoensalud.com\/index.php?rest_route=\/wp\/v2\/users\/1"}],"replies":[{"embeddable":true,"href":"https:\/\/educarcreciendoensalud.com\/index.php?rest_route=%2Fwp%2Fv2%2Fcomments&post=66"}],"version-history":[{"count":3,"href":"https:\/\/educarcreciendoensalud.com\/index.php?rest_route=\/wp\/v2\/pages\/66\/revisions"}],"predecessor-version":[{"id":78,"href":"https:\/\/educarcreciendoensalud.com\/index.php?rest_route=\/wp\/v2\/pages\/66\/revisions\/78"}],"wp:attachment":[{"href":"https:\/\/educarcreciendoensalud.com\/index.php?rest_route=%2Fwp%2Fv2%2Fmedia&parent=66"}],"curies":[{"name":"wp","href":"https:\/\/api.w.org\/{rel}","templated":true}]}}